{"id":3,"date":"2023-10-25T16:32:18","date_gmt":"2023-10-25T19:32:18","guid":{"rendered":"http:\/\/webapp367408.ip-173-255-201-240.cloudezapp.io\/?page_id=3"},"modified":"2023-11-29T14:46:36","modified_gmt":"2023-11-29T17:46:36","slug":"politica-de-privacidade","status":"publish","type":"page","link":"https:\/\/www.microsys.inf.br\/s\/politica-de-privacidade\/","title":{"rendered":"Pol\u00edtica de privacidade"},"content":{"rendered":"\t\t<div data-elementor-type=\"wp-page\" data-elementor-id=\"3\" class=\"elementor elementor-3\" data-elementor-settings=\"{&quot;ha_cmc_init_switcher&quot;:&quot;no&quot;}\" data-elementor-post-type=\"page\">\n\t\t\t\t<div class=\"elementor-element elementor-element-646369e0 e-flex e-con-boxed e-con e-parent\" data-id=\"646369e0\" data-element_type=\"container\" data-settings=\"{&quot;_ha_eqh_enable&quot;:false}\">\n\t\t\t\t\t<div class=\"e-con-inner\">\n\t\t\t\t<div class=\"elementor-element elementor-element-6730bc4 elementor-widget elementor-widget-heading\" data-id=\"6730bc4\" data-element_type=\"widget\" data-widget_type=\"heading.default\">\n\t\t\t\t<div class=\"elementor-widget-container\">\n\t\t\t<style>\/*! elementor - v3.23.0 - 05-08-2024 *\/\n.elementor-heading-title{padding:0;margin:0;line-height:1}.elementor-widget-heading .elementor-heading-title[class*=elementor-size-]>a{color:inherit;font-size:inherit;line-height:inherit}.elementor-widget-heading .elementor-heading-title.elementor-size-small{font-size:15px}.elementor-widget-heading .elementor-heading-title.elementor-size-medium{font-size:19px}.elementor-widget-heading .elementor-heading-title.elementor-size-large{font-size:29px}.elementor-widget-heading .elementor-heading-title.elementor-size-xl{font-size:39px}.elementor-widget-heading .elementor-heading-title.elementor-size-xxl{font-size:59px}<\/style><h1 class=\"elementor-heading-title elementor-size-default\">Pol\u00edtica de Privacidade<\/h1>\t\t<\/div>\n\t\t\t\t<\/div>\n\t\t\t\t<div class=\"elementor-element elementor-element-6b1e447f elementor-widget elementor-widget-text-editor\" data-id=\"6b1e447f\" data-element_type=\"widget\" data-widget_type=\"text-editor.default\">\n\t\t\t\t<div class=\"elementor-widget-container\">\n\t\t\t<style>\/*! elementor - v3.23.0 - 05-08-2024 *\/\n.elementor-widget-text-editor.elementor-drop-cap-view-stacked .elementor-drop-cap{background-color:#69727d;color:#fff}.elementor-widget-text-editor.elementor-drop-cap-view-framed .elementor-drop-cap{color:#69727d;border:3px solid;background-color:transparent}.elementor-widget-text-editor:not(.elementor-drop-cap-view-default) .elementor-drop-cap{margin-top:8px}.elementor-widget-text-editor:not(.elementor-drop-cap-view-default) .elementor-drop-cap-letter{width:1em;height:1em}.elementor-widget-text-editor .elementor-drop-cap{float:left;text-align:center;line-height:1;font-size:50px}.elementor-widget-text-editor .elementor-drop-cap-letter{display:inline-block}<\/style>\t\t\t\t<p>A MICROSYS<sup>\u00ae<\/sup> se obriga, nos termos da legisla\u00e7\u00e3o em vigor, a garantir a privacidade dos usu\u00e1rios dos seus produtos e servi\u00e7os. Esta Pol\u00edtica de Privacidade explica os processos de dados pessoais da MICROSYS<sup>\u00ae<\/sup>, compreendendo a forma como a MICROSYS<sup>\u00ae<\/sup> os coleta, utiliza e para que fins.<\/p><p>A MICROSYS<sup>\u00ae<\/sup> oferece uma grande variedade de produtos e servi\u00e7os. Deste modo, as refer\u00eancias aos produtos MICROSYS<sup>\u00ae<\/sup> nesta Pol\u00edtica incluem sites, aplicativos, softwares e servi\u00e7os MICROSYS<sup>\u00ae<\/sup>.<\/p><h4>Aceite desta Pol\u00edtica<\/h4><p>O aceite aos termos desta Pol\u00edtica ocorrer\u00e1 quando voc\u00ea acessar ou usar o site, aplicativo, software, plataforma ou servi\u00e7os da MICROSYS<sup>\u00ae<\/sup>. Ao acessar ou utilizar estes servi\u00e7os, voc\u00ea declara que est\u00e1 ciente e de acordo com os termos e condi\u00e7\u00f5es previstos neste documento. Se voc\u00ea n\u00e3o concordar com algum dos termos e condi\u00e7\u00f5es aqui previstos, voc\u00ea n\u00e3o dever\u00e1 utilizar o produto MICROSYS<sup>\u00ae<\/sup>. Neste caso voc\u00ea poder\u00e1 entrar em contato com a MICROSYS<sup>\u00ae<\/sup> conforme previsto na se\u00e7\u00e3o Fale Conosco.<\/p><h4>Prote\u00e7\u00e3o dos dados e informa\u00e7\u00f5es<\/h4><p>A MICROSYS<sup>\u00ae<\/sup> est\u00e1 empenhada em garantir a prote\u00e7\u00e3o e a confidencialidade dos dados aos quais venha a ter acesso, em especial no que diz respeito aos dados pessoais, de acordo com os fundamentos, princ\u00edpios e demais disposi\u00e7\u00f5es previstas na Lei Geral de Prote\u00e7\u00e3o de Dados e demais legisla\u00e7\u00f5es aplic\u00e1veis. Para isso, a MICROSYS<sup>\u00ae<\/sup> implementou medidas de seguran\u00e7a aptas a proteger os dados pessoais de acessos n\u00e3o autorizados e de qualquer forma de tratamento inadequado ou il\u00edcito, cujo detalhamento consta nos demais documentos e pol\u00edticas internas da MICROSYS<sup>\u00ae<\/sup>.<\/p><h4>Coleta de dados pessoais<\/h4><p>A MICROSYS<sup>\u00ae<\/sup> coleta alguns dados dos usu\u00e1rios dos produtos MICROSYS<sup>\u00ae<\/sup>, atrav\u00e9s das intera\u00e7\u00f5es que temos diretamente com voc\u00ea e atrav\u00e9s de nossos produtos. Voc\u00ea fornece alguns desses dados diretamente, enquanto outros s\u00e3o obtidos ao coletarmos dados sobre suas intera\u00e7\u00f5es, uso e experi\u00eancias com nossos produtos. Tamb\u00e9m obtemos dados sobre voc\u00ea de terceiros, para as mesmas finalidades permitidas a tais terceiros, tais como em feiras e eventos patrocinados pela MICROSYS<sup>\u00ae<\/sup>.<\/p><p>Alguns dos nossos produtos exigem determinados dados pessoais para que o servi\u00e7o seja oferecido. Caso voc\u00ea opte por n\u00e3o disponibilizar os dados necess\u00e1rios para o fornecimento de um produto, servi\u00e7o ou recurso, voc\u00ea n\u00e3o poder\u00e1 usar tal produto, servi\u00e7o ou recurso. Em alguns casos podemos precisar coletar dados pessoais para formalizar uma rela\u00e7\u00e3o contratual, ou para o cumprimento de uma obriga\u00e7\u00e3o legal. Se alguma destas hip\u00f3teses estiver relacionada a um produto MICROSYS<sup>\u00ae<\/sup> que j\u00e1 esteja sendo utilizado, a continuidade da sua utiliza\u00e7\u00e3o depender\u00e1 da aceita\u00e7\u00e3o dos termos e condi\u00e7\u00f5es previstos nesta Pol\u00edtica.<\/p><h4>Cookies<\/h4><p>Alguns dos produtos da MICROSYS<sup>\u00ae<\/sup> utilizam &#8220;cookies&#8221;. Usamos cookies para armazenar suas prefer\u00eancias e configura\u00e7\u00f5es, fornecer an\u00fancios selecionados, analisar opera\u00e7\u00f5es, melhorar a qualidade e analisar o desempenho de nossos produtos, combater fraudes e atender a outras finalidades leg\u00edtimas.<\/p><h4>Uso de dados pessoais<\/h4><p>A MICROSYS<sup>\u00ae<\/sup> usa os dados que coletamos para proporcionar experi\u00eancias agrad\u00e1veis aos nossos usu\u00e1rios. Especificamente, usamos dados para:<\/p><ul><li>Fornecer nossos produtos e prestar os nossos servi\u00e7os, incluindo as notifica\u00e7\u00f5es de uma atualiza\u00e7\u00e3o ou solu\u00e7\u00e3o de problemas, bem como o fornecimento de suporte. Isso tamb\u00e9m inclui o compartilhamento de dados, quando necess\u00e1rio para fornecer o servi\u00e7o ou realizar as transa\u00e7\u00f5es que voc\u00ea solicitar;<\/li><li>Avaliar as principais caracter\u00edsticas de utiliza\u00e7\u00e3o dos nossos produtos e servi\u00e7os;<\/li><li>Melhorar e desenvolver nossos produtos;<\/li><li>Personalizar nossos produtos e fazer recomenda\u00e7\u00f5es;<\/li><li>Anunciar e comercializar para voc\u00ea, incluindo o envio de comunica\u00e7\u00f5es promocionais, o direcionamento de an\u00fancios e a apresenta\u00e7\u00e3o de ofertas relevantes;<\/li><li>Como parte de nossos esfor\u00e7os para manter nossos produtos e site seguros;<\/li><li>Cumprir as obriga\u00e7\u00f5es contratuais assumidas pela<\/li><li>MICROSYS<sup>\u00ae<\/sup> com seus clientes e usu\u00e1rios;<\/li><li>Qualquer outra finalidade autorizada pelo usu\u00e1rio ao fornecer seus dados.<\/li><\/ul><p>Tamb\u00e9m usamos os dados para operar nossos neg\u00f3cios, incluindo a an\u00e1lise de nosso desempenho, o desenvolvimento de nossa for\u00e7a de trabalho e a realiza\u00e7\u00e3o de pesquisas e desenvolvimento de produtos, e ainda o cumprimento de nossas obriga\u00e7\u00f5es legais.<\/p><p>Ao realizar essas tarefas, combinamos dados que coletamos de contextos diferentes (por exemplo, a partir do uso de dois produtos da MICROSYS<sup>\u00ae<\/sup>) para lhe proporcionar uma experi\u00eancia melhor, al\u00e9m de outras finalidades leg\u00edtimas.<\/p><p>Nosso processamento de dados pessoais para essas finalidades inclui m\u00e9todos autom\u00e1ticos e manuais (humanos) de processamento, sempre de acordo com as leis vigentes. Nossos m\u00e9todos automatizados s\u00e3o muitas vezes relacionados a produtos ofertados com IA, j\u00e1 nossos m\u00e9todos manuais est\u00e3o relacionados a comercializa\u00e7\u00e3o e suporte de nossos produtos e servi\u00e7os.<\/p><p>Asseguramos que, caso os seus dados sejam utilizados para alguma finalidade n\u00e3o prevista nesta Pol\u00edtica, tal uso n\u00e3o poder\u00e1 desrespeitar os direitos \u00e0 prote\u00e7\u00e3o dos dados e \u00e0 privacidade, nem a leg\u00edtima expectativa dos usu\u00e1rios.<\/p><p>Al\u00e9m de tratarmos os dados de acordo com as regras previstas nesta Pol\u00edtica, podemos utilizar tamb\u00e9m seus dados de forma anonimizada, ou seja, dados que n\u00e3o o identifiquem pessoalmente.<\/p><h4>Por que compartilhamos dados pessoais?<\/h4><p>Compartilhamos seus dados pessoais com o seu consentimento ou para concluir transa\u00e7\u00f5es ou fornecer um determinado produto ou servi\u00e7o solicitado ou autorizado. Podemos tamb\u00e9m compartilhar dados com empresas controladas pela MICROSYS<sup>\u00ae<\/sup>, ou ainda com agentes autorizados, e fornecedores de servi\u00e7os essenciais para a oferta dos produtos MICROSYS<sup>\u00ae<\/sup>, quando exigido por lei ou para responder a um processo judicial, bem como para manter a seguran\u00e7a de nossos produtos e proteger os direitos ou a propriedade da MICROSYS<sup>\u00ae<\/sup>.<\/p><h4>Produtos fornecidos por sua organiza\u00e7\u00e3o \u2013 aviso aos usu\u00e1rios finais<\/h4><p>Se voc\u00ea usa um produto MICROSYS<sup>\u00ae<\/sup> fornecido por uma organiza\u00e7\u00e3o \u00e0 qual voc\u00ea est\u00e1 vinculado, como um empregador, por exemplo, essa organiza\u00e7\u00e3o poder\u00e1:<\/p><ul><li>Controlar e administrar seu produto MICROSYS<sup>\u00ae<\/sup> e a conta do produto, inclusive controlar configura\u00e7\u00f5es relacionadas \u00e0 privacidade do produto ou \u00e0 sua conta no produto;<\/li><li>Acessar e processar seus dados, incluindo os dados de intera\u00e7\u00e3o.<\/li><\/ul><p>Se sua organiza\u00e7\u00e3o concede a voc\u00ea acesso aos produtos MICROSYS<sup>\u00ae<\/sup>, o uso que voc\u00ea fizer destes estar\u00e1 sujeito \u00e0s pol\u00edticas da sua organiza\u00e7\u00e3o. Voc\u00ea deve direcionar suas perguntas de privacidade, incluindo qualquer solicita\u00e7\u00e3o para exercer seus direitos de prote\u00e7\u00e3o de dados, ao administrador da sua organiza\u00e7\u00e3o. A MICROSYS<sup>\u00ae<\/sup> n\u00e3o \u00e9 respons\u00e1vel pelas pr\u00e1ticas de privacidade ou seguran\u00e7a dos nossos clientes, as quais podem ser diferentes das estabelecidas nesta pol\u00edtica de privacidade.<\/p><p>Quando voc\u00ea usa um produto MICROSYS<sup>\u00ae<\/sup> fornecido por sua organiza\u00e7\u00e3o, o processamento de dados pessoais pela MICROSYS<sup>\u00ae<\/sup> em conex\u00e3o com esse produto \u00e9 realizado de acordo com um contrato entre a MICROSYS<sup>\u00ae<\/sup> e sua organiza\u00e7\u00e3o. Os produtos MICROSYS<sup>\u00ae<\/sup> podem ser utilizados para processar seus dados pessoais, nos limites estabelecidos entre a sua organiza\u00e7\u00e3o e a MICROSYS<sup>\u00ae<\/sup> para execu\u00e7\u00e3o do contrato. Conforme mencionado acima, se voc\u00ea tiver d\u00favidas sobre o processamento de seus dados pessoais realizado nos produtos MICROSYS<sup>\u00ae<\/sup> em conex\u00e3o com a oferta de produtos feita para a sua organiza\u00e7\u00e3o, entre em contato com a administra\u00e7\u00e3o da sua organiza\u00e7\u00e3o.<\/p><h4>Outras informa\u00e7\u00f5es importantes sobre os produtos MICROSYS<sup>\u00ae<\/sup><\/h4><p>Abaixo est\u00e3o informa\u00e7\u00f5es adicionais sobre privacidade relacionada aos produtos MICROSYS<sup>\u00ae<\/sup>.<\/p><h4>Softwares MICROSYS<sup>\u00ae<\/sup><\/h4><p>Na eventualidade de um conflito entre esta Pol\u00edtica de Privacidade da MICROSYS<sup>\u00ae<\/sup> e os termos de qualquer contrato entre um cliente e a MICROSYS<sup>\u00ae<\/sup>, os termos dos contratos prevalecer\u00e3o.<\/p><ul><li>Quando um cliente estabelece um contrato com a MICROSYS<sup>\u00ae<\/sup> para a presta\u00e7\u00e3o de servi\u00e7os, coletamos o nome e os dados de contato do ponto de contato designado do cliente e usamos as informa\u00e7\u00f5es fornecidas pelo cliente para executar os servi\u00e7os que o cliente solicitou.<\/li><li>Quando um cliente estabelece um contrato com um agente autorizado MICROSYS<sup>\u00ae<\/sup>, tanto a MICROSYS<sup>\u00ae<\/sup> quanto o agente autorizado poder\u00e3o ter acesso e utilizar os dados obtidos, para que possam executar suas obriga\u00e7\u00f5es relacionadas a este contrato;<\/li><li>Quando um cliente interage com um profissional de suporte da MICROSYS<sup>\u00ae<\/sup>, coletamos dados de uso ou relat\u00f3rios de erros para diagnosticar e resolver problemas, e podemos ter acesso a outros dados que o cliente venha a disponibilizar para fins de atendimento;<\/li><li>Quando um cliente paga por produtos ou servi\u00e7os, coletamos dados de contato e pagamento para processar o pagamento;<\/li><li>Quando a MICROSYS<sup>\u00ae<\/sup> envia comunica\u00e7\u00f5es a um cliente, usamos dados para personalizar o conte\u00fado da comunica\u00e7\u00e3o;<\/li><li>Os produtos MICROSYS<sup>\u00ae<\/sup> permitem a voc\u00ea contratar ou usar outros produtos e servi\u00e7os da MICROSYS<sup>\u00ae<\/sup> ou de terceiros com pr\u00e1ticas de privacidade diferentes, e estes outros produtos e servi\u00e7os de terceiros s\u00e3o regidos pelas suas respectivas declara\u00e7\u00f5es e pol\u00edticas de privacidade.<\/li><\/ul><h4>Exclus\u00e3o dos dados<\/h4><p>Os dados coletados pela MICROSYS<sup>\u00ae<\/sup> ser\u00e3o exclu\u00eddos de nossos servidores quando voc\u00ea solicitar ou quando n\u00e3o forem mais necess\u00e1rios para a finalidade proposta, salvo se houver outro motivo para a sua manuten\u00e7\u00e3o, como o cumprimento de uma obriga\u00e7\u00e3o legal ou a necessidade de preserva\u00e7\u00e3o dos dados para assegurar o exerc\u00edcio de direitos da MICROSYS<sup>\u00ae<\/sup>.<\/p><h4>Mudan\u00e7as na Pol\u00edtica de Privacidade<\/h4><p>A MICROSYS<sup>\u00ae<\/sup> se reserva o direito de alterar esta pol\u00edtica de privacidade de tempos em tempos sempre que entender necess\u00e1rio para cumprir as finalidades previstas. A data da \u00faltima atualiza\u00e7\u00e3o sempre estar\u00e1 prevista na parte final do documento. Caso haja alguma mudan\u00e7a substancial na forma de utiliza\u00e7\u00e3o das suas informa\u00e7\u00f5es, iremos notific\u00e1-lo com um an\u00fancio em destaque em nosso site.<\/p><h4>Fale conosco<\/h4><p>Se voc\u00ea estiver preocupado com sua privacidade, tiver uma reclama\u00e7\u00e3o, pergunta ou solicita\u00e7\u00e3o referente a este assunto, ou ainda queira exercer quaisquer dos direitos previstos na legisla\u00e7\u00e3o, entre em contato conosco atrav\u00e9s do email:\u00a0<a href=\"mailto:lgpd@microsys.inf.br\">lgpd@microsys.inf.br<\/a>.<\/p>\t\t\t\t\t\t<\/div>\n\t\t\t\t<\/div>\n\t\t\t\t\t<\/div>\n\t\t\t\t<\/div>\n\t\t\t\t<\/div>\n\t\t","protected":false},"excerpt":{"rendered":"<p>Pol\u00edtica de Privacidade A MICROSYS\u00ae se obriga, nos termos da legisla\u00e7\u00e3o em vigor, a garantir a privacidade dos usu\u00e1rios dos seus produtos e servi\u00e7os. Esta Pol\u00edtica de Privacidade explica os processos de dados pessoais da MICROSYS\u00ae, compreendendo a forma como a MICROSYS\u00ae os coleta, utiliza e para que fins. A MICROSYS\u00ae oferece uma grande variedade [&hellip;]<\/p>\n","protected":false},"author":1,"featured_media":0,"parent":0,"menu_order":0,"comment_status":"closed","ping_status":"open","template":"","meta":{"_joinchat":[],"footnotes":""},"class_list":["post-3","page","type-page","status-publish","hentry"],"_links":{"self":[{"href":"https:\/\/www.microsys.inf.br\/s\/wp-json\/wp\/v2\/pages\/3","targetHints":{"allow":["GET"]}}],"collection":[{"href":"https:\/\/www.microsys.inf.br\/s\/wp-json\/wp\/v2\/pages"}],"about":[{"href":"https:\/\/www.microsys.inf.br\/s\/wp-json\/wp\/v2\/types\/page"}],"author":[{"embeddable":true,"href":"https:\/\/www.microsys.inf.br\/s\/wp-json\/wp\/v2\/users\/1"}],"replies":[{"embeddable":true,"href":"https:\/\/www.microsys.inf.br\/s\/wp-json\/wp\/v2\/comments?post=3"}],"version-history":[{"count":0,"href":"https:\/\/www.microsys.inf.br\/s\/wp-json\/wp\/v2\/pages\/3\/revisions"}],"wp:attachment":[{"href":"https:\/\/www.microsys.inf.br\/s\/wp-json\/wp\/v2\/media?parent=3"}],"curies":[{"name":"wp","href":"https:\/\/api.w.org\/{rel}","templated":true}]}}