{"id":6422,"date":"2023-12-04T09:50:06","date_gmt":"2023-12-04T12:50:06","guid":{"rendered":"http:\/\/webapp367408.ip-173-255-201-240.cloudezapp.io\/?page_id=6422"},"modified":"2025-05-26T14:30:17","modified_gmt":"2025-05-26T17:30:17","slug":"microsys-bi","status":"publish","type":"page","link":"https:\/\/www.microsys.inf.br\/s\/microsys-bi\/","title":{"rendered":"MICROSYS<sup>\u00ae<\/sup> BI"},"content":{"rendered":"\t\t<div data-elementor-type=\"wp-page\" data-elementor-id=\"6422\" class=\"elementor elementor-6422\" data-elementor-settings=\"{&quot;ha_cmc_init_switcher&quot;:&quot;no&quot;}\" data-elementor-post-type=\"page\">\n\t\t\t\t\t\t<section class=\"elementor-section elementor-top-section elementor-element elementor-element-44d798b ot-traditional elementor-section-boxed elementor-section-height-default elementor-section-height-default\" data-id=\"44d798b\" data-element_type=\"section\" data-settings=\"{&quot;_ha_eqh_enable&quot;:false}\">\n\t\t\t\t\t\t<div class=\"elementor-container elementor-column-gap-extended\">\n\t\t\t\t\t<div class=\"elementor-column elementor-col-50 elementor-top-column elementor-element elementor-element-1eeb9c7 ot-flex-column-vertical\" data-id=\"1eeb9c7\" data-element_type=\"column\">\n\t\t\t<div class=\"elementor-widget-wrap elementor-element-populated\">\n\t\t\t\t\t\t<div class=\"elementor-element elementor-element-38b5b53 elementor-widget elementor-widget-iheading\" data-id=\"38b5b53\" data-element_type=\"widget\" data-widget_type=\"iheading.default\">\n\t\t\t\t<div class=\"elementor-widget-container\">\n\t\t\t\t\t<div class=\"ot-heading\">\r\n\t        \t            <span>\/\/ Conjuntos de softwares<\/span>\r\n\t        <h2 class=\"main-heading\"><img decoding=\"async\" src=\"\/s\/wp-content\/uploads\/2023\/12\/Object-11.svg\" width=\"80\" height=\"80\">  MICROSYS<sup>\u00ae<\/sup> BI  \n<\/h2>\t    <\/div>\r\n\t    \t\t<\/div>\n\t\t\t\t<\/div>\n\t\t\t\t<div class=\"elementor-element elementor-element-5b1100f elementor-widget elementor-widget-text-editor\" data-id=\"5b1100f\" data-element_type=\"widget\" data-widget_type=\"text-editor.default\">\n\t\t\t\t<div class=\"elementor-widget-container\">\n\t\t\t<style>\/*! elementor - v3.23.0 - 05-08-2024 *\/\n.elementor-widget-text-editor.elementor-drop-cap-view-stacked .elementor-drop-cap{background-color:#69727d;color:#fff}.elementor-widget-text-editor.elementor-drop-cap-view-framed .elementor-drop-cap{color:#69727d;border:3px solid;background-color:transparent}.elementor-widget-text-editor:not(.elementor-drop-cap-view-default) .elementor-drop-cap{margin-top:8px}.elementor-widget-text-editor:not(.elementor-drop-cap-view-default) .elementor-drop-cap-letter{width:1em;height:1em}.elementor-widget-text-editor .elementor-drop-cap{float:left;text-align:center;line-height:1;font-size:50px}.elementor-widget-text-editor .elementor-drop-cap-letter{display:inline-block}<\/style>\t\t\t\tO MICROSYS<sup>\u00ae<\/sup> BI (Bussiness Intelligence) consiste em um conjunto de t\u00e9cnicas, teorias, processos e ferramentas (softwares) que aplicadas, permitem transformar dados em informa\u00e7\u00f5es claras e precisas atrav\u00e9s de Dashboards.\t\t\t\t\t\t<\/div>\n\t\t\t\t<\/div>\n\t\t\t\t<div class=\"elementor-element elementor-element-83e7a6e elementor-widget elementor-widget-text-editor\" data-id=\"83e7a6e\" data-element_type=\"widget\" data-widget_type=\"text-editor.default\">\n\t\t\t\t<div class=\"elementor-widget-container\">\n\t\t\t\t\t\t\t<p>Nossa solu\u00e7\u00e3o de BI proporciona mobilidade, comunica\u00e7\u00e3o corporativa e acompanhamento dos processos, identificando for\u00e7as e fraquezas para antecipar a\u00e7\u00f5es e propiciar novas e efetivas estrat\u00e9gias que asseguram a tomada de decis\u00e3o.<\/p>\t\t\t\t\t\t<\/div>\n\t\t\t\t<\/div>\n\t\t\t\t<div class=\"elementor-element elementor-element-aafd9f8 elementor-hidden-desktop elementor-widget elementor-widget-image\" data-id=\"aafd9f8\" data-element_type=\"widget\" data-widget_type=\"image.default\">\n\t\t\t\t<div class=\"elementor-widget-container\">\n\t\t\t<style>\/*! elementor - v3.23.0 - 05-08-2024 *\/\n.elementor-widget-image{text-align:center}.elementor-widget-image a{display:inline-block}.elementor-widget-image a img[src$=\".svg\"]{width:48px}.elementor-widget-image img{vertical-align:middle;display:inline-block}<\/style>\t\t\t\t\t\t\t\t\t\t<img fetchpriority=\"high\" decoding=\"async\" width=\"1920\" height=\"1080\" src=\"https:\/\/www.microsys.inf.br\/s\/wp-content\/uploads\/2023\/12\/bi.png\" class=\"attachment-full size-full wp-image-6367\" alt=\"\" srcset=\"https:\/\/www.microsys.inf.br\/s\/wp-content\/uploads\/2023\/12\/bi.png 1920w, https:\/\/www.microsys.inf.br\/s\/wp-content\/uploads\/2023\/12\/bi-300x169.png 300w, https:\/\/www.microsys.inf.br\/s\/wp-content\/uploads\/2023\/12\/bi-1024x576.png 1024w, https:\/\/www.microsys.inf.br\/s\/wp-content\/uploads\/2023\/12\/bi-768x432.png 768w, https:\/\/www.microsys.inf.br\/s\/wp-content\/uploads\/2023\/12\/bi-1536x864.png 1536w, https:\/\/www.microsys.inf.br\/s\/wp-content\/uploads\/2023\/12\/bi-720x405.png 720w\" sizes=\"(max-width: 1920px) 100vw, 1920px\" \/>\t\t\t\t\t\t\t\t\t\t\t\t\t<\/div>\n\t\t\t\t<\/div>\n\t\t\t\t\t<\/div>\n\t\t<\/div>\n\t\t\t\t<div class=\"elementor-column elementor-col-50 elementor-top-column elementor-element elementor-element-dffa8fc elementor-hidden-tablet elementor-hidden-phone ot-column-items-center ot-flex-column-vertical\" data-id=\"dffa8fc\" data-element_type=\"column\" data-settings=\"{&quot;background_background&quot;:&quot;classic&quot;}\">\n\t\t\t<div class=\"elementor-widget-wrap elementor-element-populated\">\n\t\t\t\t\t\t<div class=\"elementor-element elementor-element-ee71d43 elementor-widget elementor-widget-image\" data-id=\"ee71d43\" data-element_type=\"widget\" data-widget_type=\"image.default\">\n\t\t\t\t<div class=\"elementor-widget-container\">\n\t\t\t\t\t\t\t\t\t\t\t\t\t<img fetchpriority=\"high\" decoding=\"async\" width=\"1920\" height=\"1080\" src=\"https:\/\/www.microsys.inf.br\/s\/wp-content\/uploads\/2023\/12\/bi.png\" class=\"attachment-full size-full wp-image-6367\" alt=\"\" srcset=\"https:\/\/www.microsys.inf.br\/s\/wp-content\/uploads\/2023\/12\/bi.png 1920w, https:\/\/www.microsys.inf.br\/s\/wp-content\/uploads\/2023\/12\/bi-300x169.png 300w, https:\/\/www.microsys.inf.br\/s\/wp-content\/uploads\/2023\/12\/bi-1024x576.png 1024w, https:\/\/www.microsys.inf.br\/s\/wp-content\/uploads\/2023\/12\/bi-768x432.png 768w, https:\/\/www.microsys.inf.br\/s\/wp-content\/uploads\/2023\/12\/bi-1536x864.png 1536w, https:\/\/www.microsys.inf.br\/s\/wp-content\/uploads\/2023\/12\/bi-720x405.png 720w\" sizes=\"(max-width: 1920px) 100vw, 1920px\" \/>\t\t\t\t\t\t\t\t\t\t\t\t\t<\/div>\n\t\t\t\t<\/div>\n\t\t\t\t\t<\/div>\n\t\t<\/div>\n\t\t\t\t\t<\/div>\n\t\t<\/section>\n\t\t\t\t<section class=\"elementor-section elementor-top-section elementor-element elementor-element-69088c1 ot-traditional elementor-section-boxed elementor-section-height-default elementor-section-height-default\" data-id=\"69088c1\" data-element_type=\"section\" data-settings=\"{&quot;_ha_eqh_enable&quot;:false}\">\n\t\t\t\t\t\t<div class=\"elementor-container elementor-column-gap-default\">\n\t\t\t\t\t<div class=\"elementor-column elementor-col-100 elementor-top-column elementor-element elementor-element-a740137 ot-flex-column-vertical\" data-id=\"a740137\" data-element_type=\"column\">\n\t\t\t<div class=\"elementor-widget-wrap elementor-element-populated\">\n\t\t\t\t\t\t<section class=\"elementor-section elementor-inner-section elementor-element elementor-element-424ac11 elementor-section-full_width ot-traditional elementor-section-height-default elementor-section-height-default\" data-id=\"424ac11\" data-element_type=\"section\" data-settings=\"{&quot;_ha_eqh_enable&quot;:false}\">\n\t\t\t\t\t\t<div class=\"elementor-container elementor-column-gap-extended\">\n\t\t\t\t\t<div class=\"elementor-column elementor-col-100 elementor-inner-column elementor-element elementor-element-77b3f2a ot-flex-column-vertical\" data-id=\"77b3f2a\" data-element_type=\"column\">\n\t\t\t<div class=\"elementor-widget-wrap elementor-element-populated\">\n\t\t\t\t\t\t<div class=\"elementor-element elementor-element-ba654f7 elementor-align-center elementor-widget elementor-widget-button\" data-id=\"ba654f7\" data-element_type=\"widget\" data-widget_type=\"button.default\">\n\t\t\t\t<div class=\"elementor-widget-container\">\n\t\t\t\t\t<div class=\"elementor-button-wrapper\">\n\t\t\t<a class=\"elementor-button elementor-button-link elementor-size-lg elementor-animation-wobble-vertical\" href=\"https:\/\/wa.me\/554936640143?text=Ol%C3%A1!%20Estou%20entrando%20em%20contato%20atrav%C3%A9s%20do%20website%20da%20MICROSYS%C2%AE%20SISTEMAS%20e%20gostaria%20de%20mais%C2%A0informa%C3%A7%C3%B5es%20sobre%20%20MICROSYS%C2%AE%20BI.\" target=\"_blank\" rel=\"nofollow\">\n\t\t\t\t\t\t<span class=\"elementor-button-content-wrapper\">\n\t\t\t\t\t\t<span class=\"elementor-button-icon\">\n\t\t\t\t<svg aria-hidden=\"true\" class=\"e-font-icon-svg e-fab-whatsapp\" viewBox=\"0 0 448 512\" xmlns=\"http:\/\/www.w3.org\/2000\/svg\"><path d=\"M380.9 97.1C339 55.1 283.2 32 223.9 32c-122.4 0-222 99.6-222 222 0 39.1 10.2 77.3 29.6 111L0 480l117.7-30.9c32.4 17.7 68.9 27 106.1 27h.1c122.3 0 224.1-99.6 224.1-222 0-59.3-25.2-115-67.1-157zm-157 341.6c-33.2 0-65.7-8.9-94-25.7l-6.7-4-69.8 18.3L72 359.2l-4.4-7c-18.5-29.4-28.2-63.3-28.2-98.2 0-101.7 82.8-184.5 184.6-184.5 49.3 0 95.6 19.2 130.4 54.1 34.8 34.9 56.2 81.2 56.1 130.5 0 101.8-84.9 184.6-186.6 184.6zm101.2-138.2c-5.5-2.8-32.8-16.2-37.9-18-5.1-1.9-8.8-2.8-12.5 2.8-3.7 5.6-14.3 18-17.6 21.8-3.2 3.7-6.5 4.2-12 1.4-32.6-16.3-54-29.1-75.5-66-5.7-9.8 5.7-9.1 16.3-30.3 1.8-3.7.9-6.9-.5-9.7-1.4-2.8-12.5-30.1-17.1-41.2-4.5-10.8-9.1-9.3-12.5-9.5-3.2-.2-6.9-.2-10.6-.2-3.7 0-9.7 1.4-14.8 6.9-5.1 5.6-19.4 19-19.4 46.3 0 27.3 19.9 53.7 22.6 57.4 2.8 3.7 39.1 59.7 94.8 83.8 35.2 15.2 49 16.5 66.6 13.9 10.7-1.6 32.8-13.4 37.4-26.4 4.6-13 4.6-24.1 3.2-26.4-1.3-2.5-5-3.9-10.5-6.6z\"><\/path><\/svg>\t\t\t<\/span>\n\t\t\t\t\t\t\t\t\t<span class=\"elementor-button-text\">Quero entrar em contato<\/span>\n\t\t\t\t\t<\/span>\n\t\t\t\t\t<\/a>\n\t\t<\/div>\n\t\t\t\t<\/div>\n\t\t\t\t<\/div>\n\t\t\t\t<div class=\"elementor-element elementor-element-1520900 elementor-widget elementor-widget-text-editor\" data-id=\"1520900\" data-element_type=\"widget\" data-widget_type=\"text-editor.default\">\n\t\t\t\t<div class=\"elementor-widget-container\">\n\t\t\t\t\t\t\t\u2605\u2605\u2605\u2605\u2605 5 de 5 Estrelas no Google<br>\nContato via WhatsApp \u00b7 100% Seguro\t\t\t\t\t\t<\/div>\n\t\t\t\t<\/div>\n\t\t\t\t\t<\/div>\n\t\t<\/div>\n\t\t\t\t\t<\/div>\n\t\t<\/section>\n\t\t\t\t\t<\/div>\n\t\t<\/div>\n\t\t\t\t\t<\/div>\n\t\t<\/section>\n\t\t\t\t<section class=\"elementor-section elementor-top-section elementor-element elementor-element-1cf364b elementor-section-full_width ot-traditional elementor-section-height-default elementor-section-height-default\" data-id=\"1cf364b\" data-element_type=\"section\" data-settings=\"{&quot;background_background&quot;:&quot;classic&quot;,&quot;_ha_eqh_enable&quot;:false}\">\n\t\t\t\t\t\t<div class=\"elementor-container elementor-column-gap-no\">\n\t\t\t\t\t<div class=\"elementor-column elementor-col-50 elementor-top-column elementor-element elementor-element-8c8e883 ot-flex-column-vertical\" data-id=\"8c8e883\" data-element_type=\"column\">\n\t\t\t<div class=\"elementor-widget-wrap elementor-element-populated\">\n\t\t\t\t\t\t<section class=\"elementor-section elementor-inner-section elementor-element elementor-element-d619fd2 elementor-section-full_width ot-traditional elementor-section-height-default elementor-section-height-default\" data-id=\"d619fd2\" data-element_type=\"section\" data-settings=\"{&quot;_ha_eqh_enable&quot;:false}\">\n\t\t\t\t\t\t<div class=\"elementor-container elementor-column-gap-default\">\n\t\t\t\t\t<div class=\"elementor-column elementor-col-100 elementor-inner-column elementor-element elementor-element-475b0e1 ot-flex-column-vertical\" data-id=\"475b0e1\" data-element_type=\"column\">\n\t\t\t<div class=\"elementor-widget-wrap elementor-element-populated\">\n\t\t\t\t\t\t<div class=\"elementor-element elementor-element-e4bc039 elementor-widget elementor-widget-iheading\" data-id=\"e4bc039\" data-element_type=\"widget\" data-widget_type=\"iheading.default\">\n\t\t\t\t<div class=\"elementor-widget-container\">\n\t\t\t\t\t<div class=\"ot-heading\">\r\n\t        \t            <span>\/\/ o que n\u00f3s oferecemos<\/span>\r\n\t        <h2 class=\"main-heading\">Parceria de inova\u00e7\u00e3o e crescimento<\/h2>\t    <\/div>\r\n\t    \t\t<\/div>\n\t\t\t\t<\/div>\n\t\t\t\t\t<\/div>\n\t\t<\/div>\n\t\t\t\t\t<\/div>\n\t\t<\/section>\n\t\t\t\t<div class=\"elementor-element elementor-element-3f932fa elementor-widget elementor-widget-text-editor\" data-id=\"3f932fa\" data-element_type=\"widget\" data-widget_type=\"text-editor.default\">\n\t\t\t\t<div class=\"elementor-widget-container\">\n\t\t\t\t\t\t\tConceituada e reconhecida a <strong>MICROSYS<sup>\u00ae<\/sup><\/strong> atende exigentes padr\u00f5es de qualidade, contribuindo para o sucesso e expans\u00e3o de neg\u00f3cios. <strong>MICROSYS<sup>\u00ae<\/sup><\/strong> \u00e9 solidez, inova\u00e7\u00e3o e resultado.\t\t\t\t\t\t<\/div>\n\t\t\t\t<\/div>\n\t\t\t\t\t<\/div>\n\t\t<\/div>\n\t\t\t\t<div class=\"elementor-column elementor-col-50 elementor-top-column elementor-element elementor-element-a2c8f86 ot-column-items-center ot-flex-column-vertical\" data-id=\"a2c8f86\" data-element_type=\"column\" data-settings=\"{&quot;background_background&quot;:&quot;classic&quot;}\">\n\t\t\t<div class=\"elementor-widget-wrap elementor-element-populated\">\n\t\t\t\t\t\t<div class=\"elementor-element elementor-element-994594b elementor-hidden-desktop elementor-hidden-tablet elementor-hidden-mobile elementor-widget elementor-widget-ivideopopup\" data-id=\"994594b\" data-element_type=\"widget\" data-widget_type=\"ivideopopup.default\">\n\t\t\t\t<div class=\"elementor-widget-container\">\n\t\t\t\t\t<div class=\"video-popup\">\r\n\t\t\t<div class=\"btn-inner\">\r\n\t\t        <a class=\"btn-play\" href=\"\/wp-content\/uploads\/2023\/11\/apresentacao.mp4\">\r\n\t\t        \t<i class=\"flaticon-play\"><\/i>\r\n\t\t        \t\t\t        \t<span class=\"circle-1\"><\/span>\r\n\t\t\t\t\t<span class=\"circle-2\"><\/span>\r\n\t\t\t\t\t\t\t        <\/a>\r\n\t        <\/div>\r\n\t        \t    <\/div>\r\n\t    \t\t<\/div>\n\t\t\t\t<\/div>\n\t\t\t\t<div class=\"elementor-element elementor-element-17c372a elementor-align-center elementor-widget elementor-widget-button\" data-id=\"17c372a\" data-element_type=\"widget\" data-widget_type=\"button.default\">\n\t\t\t\t<div class=\"elementor-widget-container\">\n\t\t\t\t\t<div class=\"elementor-button-wrapper\">\n\t\t\t<a class=\"elementor-button elementor-button-link elementor-size-lg\" href=\"\/formulario-de-contato#contato\">\n\t\t\t\t\t\t<span class=\"elementor-button-content-wrapper\">\n\t\t\t\t\t\t\t\t\t<span class=\"elementor-button-text\">SOLICITE UMA PROPOSTA <\/span>\n\t\t\t\t\t<\/span>\n\t\t\t\t\t<\/a>\n\t\t<\/div>\n\t\t\t\t<\/div>\n\t\t\t\t<\/div>\n\t\t\t\t\t<\/div>\n\t\t<\/div>\n\t\t\t\t\t<\/div>\n\t\t<\/section>\n\t\t\t\t<section class=\"elementor-section elementor-top-section elementor-element elementor-element-268846d elementor-hidden-desktop elementor-hidden-tablet elementor-hidden-mobile ot-traditional elementor-section-boxed elementor-section-height-default elementor-section-height-default\" data-id=\"268846d\" data-element_type=\"section\" data-settings=\"{&quot;background_background&quot;:&quot;classic&quot;,&quot;_ha_eqh_enable&quot;:false}\">\n\t\t\t\t\t\t<div class=\"elementor-container elementor-column-gap-default\">\n\t\t\t\t\t<div class=\"elementor-column elementor-col-100 elementor-top-column elementor-element elementor-element-07323a0 ot-flex-column-vertical\" data-id=\"07323a0\" data-element_type=\"column\">\n\t\t\t<div class=\"elementor-widget-wrap elementor-element-populated\">\n\t\t\t\t\t\t<div class=\"elementor-element elementor-element-f2331e4 elementor-widget elementor-widget-iheading\" data-id=\"f2331e4\" data-element_type=\"widget\" data-widget_type=\"iheading.default\">\n\t\t\t\t<div class=\"elementor-widget-container\">\n\t\t\t\t\t<div class=\"ot-heading\">\r\n\t        \t            <span>\/\/ depoimentos<\/span>\r\n\t        <h2 class=\"main-heading\">O que os nossos<br>\nclientes dizem<\/h2>\t    <\/div>\r\n\t    \t\t<\/div>\n\t\t\t\t<\/div>\n\t\t\t\t<div class=\"elementor-element elementor-element-656543e elementor-widget elementor-widget-itestimonials6\" data-id=\"656543e\" data-element_type=\"widget\" data-widget_type=\"itestimonials6.default\">\n\t\t\t\t<div class=\"elementor-widget-container\">\n\t\t\t\r\n\t\t<div class=\"ot-testimonial-slider ot-testimonial-s1 image-position-aside\" data-slider_options=\"{&quot;slides_show_desktop&quot;:2,&quot;slides_show_tablet&quot;:2,&quot;slides_show_mobile&quot;:2,&quot;autoplay&quot;:&quot;yes&quot;,&quot;loop&quot;:&quot;yes&quot;,&quot;arrows&quot;:true,&quot;dots&quot;:false}\">\r\n\t\t\t\t\t\t\t<div>\r\n\t\t\t\t\t<div class=\"ot-testimonial-s1__item\">\r\n\t\t\t\t        <div class=\"tcontent\">\r\n\t\t\t\t        \t<div class=\"ticon\"><i class=\"flaticon-edit-tools-1\"><\/i><\/div>\t\t\t\t        \t\t\t\t\t        \t<div class=\"tdesc\">\"Nossas empresas Copema e Macrolar s\u00e3o parceiras da Microsys a mais de 25 anos. Podemos afirmar que crescemos juntos e gra\u00e7as aos constantes investimentos em novas ferramentas continuaremos a crescer. A Microsys \u00e9 uma empresa s\u00f3lida e profissional. Temos orgulho de fazer parte dessa hist\u00f3ria.\"<\/div>\r\n\t\t\t\t        <\/div>\r\n\t\t\t\t        <div class=\"tmeta flex-middle\">\r\n\t\t\t\t\t\t\t<img decoding=\"async\" width=\"150\" height=\"150\" src=\"https:\/\/www.microsys.inf.br\/s\/wp-content\/uploads\/2023\/11\/depo1-150x150.png\" class=\"attachment-thumbnail size-thumbnail\" alt=\"\" srcset=\"https:\/\/www.microsys.inf.br\/s\/wp-content\/uploads\/2023\/11\/depo1-150x150.png 150w, https:\/\/www.microsys.inf.br\/s\/wp-content\/uploads\/2023\/11\/depo1-300x300.png 300w, https:\/\/www.microsys.inf.br\/s\/wp-content\/uploads\/2023\/11\/depo1-1024x1024.png 1024w, https:\/\/www.microsys.inf.br\/s\/wp-content\/uploads\/2023\/11\/depo1-768x768.png 768w, https:\/\/www.microsys.inf.br\/s\/wp-content\/uploads\/2023\/11\/depo1-720x720.png 720w, https:\/\/www.microsys.inf.br\/s\/wp-content\/uploads\/2023\/11\/depo1.png 1080w\" sizes=\"(max-width: 150px) 100vw, 150px\" \/>\t\t\t\t        \t<div class=\"tinfo\">\r\n\t\t\t\t        \t\t<h6>Maycon Bernardi<\/h6>\r\n\t\t\t\t        \t\t<span>Diretor de Opera\u00e7\u00f5es<\/span>\t\t\t\t        \t\t\t\t\t\t        \t<\/div>\r\n\t\t\t        \t<\/div>\r\n\t\t        \t<\/div>\r\n\t\t\t\t<\/div>\r\n\t\t\t\t\t\t\t<div>\r\n\t\t\t\t\t<div class=\"ot-testimonial-s1__item\">\r\n\t\t\t\t        <div class=\"tcontent\">\r\n\t\t\t\t        \t<div class=\"ticon\"><i class=\"flaticon-edit-tools-1\"><\/i><\/div>\t\t\t\t        \t\t\t\t\t        \t<div class=\"tdesc\">\u201cA MICROSYS faz parte do dia a dia da Dovale a mais de 12 anos trazendo solu\u00e7\u00f5es eficientes em sistemas, adequadas e sem complexidade. Seus profissionais possuem excel\u00eancia t\u00e9cnica comprovada, s\u00e3o muito bem treinados com comprometimento e agilidade no atendimento. Parceria que d\u00e1 muito certo e traz crescimento m\u00fatuo.\u201d<\/div>\r\n\t\t\t\t        <\/div>\r\n\t\t\t\t        <div class=\"tmeta flex-middle\">\r\n\t\t\t\t\t\t\t<img loading=\"lazy\" decoding=\"async\" width=\"150\" height=\"150\" src=\"https:\/\/www.microsys.inf.br\/s\/wp-content\/uploads\/2023\/11\/depo3-150x150.png\" class=\"attachment-thumbnail size-thumbnail\" alt=\"\" srcset=\"https:\/\/www.microsys.inf.br\/s\/wp-content\/uploads\/2023\/11\/depo3-150x150.png 150w, https:\/\/www.microsys.inf.br\/s\/wp-content\/uploads\/2023\/11\/depo3-300x300.png 300w, https:\/\/www.microsys.inf.br\/s\/wp-content\/uploads\/2023\/11\/depo3-1024x1024.png 1024w, https:\/\/www.microsys.inf.br\/s\/wp-content\/uploads\/2023\/11\/depo3-768x768.png 768w, https:\/\/www.microsys.inf.br\/s\/wp-content\/uploads\/2023\/11\/depo3-720x720.png 720w, https:\/\/www.microsys.inf.br\/s\/wp-content\/uploads\/2023\/11\/depo3.png 1080w\" sizes=\"(max-width: 150px) 100vw, 150px\" \/>\t\t\t\t        \t<div class=\"tinfo\">\r\n\t\t\t\t        \t\t<h6>Sirlene Santos Botelho<\/h6>\r\n\t\t\t\t        \t\t<span>Ger\u00eancia ADM<\/span>\t\t\t\t        \t\t\t\t\t\t        \t<\/div>\r\n\t\t\t        \t<\/div>\r\n\t\t        \t<\/div>\r\n\t\t\t\t<\/div>\r\n\t\t\t\t\t\t\t<div>\r\n\t\t\t\t\t<div class=\"ot-testimonial-s1__item\">\r\n\t\t\t\t        <div class=\"tcontent\">\r\n\t\t\t\t        \t<div class=\"ticon\"><i class=\"flaticon-edit-tools-1\"><\/i><\/div>\t\t\t\t        \t\t\t\t\t        \t<div class=\"tdesc\">\u201cA parceria entre a Microsys e a Reafrio come\u00e7ou h\u00e1 mais de duas d\u00e9cadas, desde o in\u00edcio da nossa hist\u00f3ria nos anos 2000. A microsys foi primordial para nosso crescimento organizado, sempre trazendo solu\u00e7\u00f5es atualizadas, porque hoje sabemos da constante evolu\u00e7\u00e3o do mercado e precisamos de parceiros com alto padr\u00e3o de excel\u00eancia nessa jornada para nos mantermos no topo.\u201d <\/div>\r\n\t\t\t\t        <\/div>\r\n\t\t\t\t        <div class=\"tmeta flex-middle\">\r\n\t\t\t\t\t\t\t<img loading=\"lazy\" decoding=\"async\" width=\"150\" height=\"150\" src=\"https:\/\/www.microsys.inf.br\/s\/wp-content\/uploads\/2023\/11\/depo2-150x150.png\" class=\"attachment-thumbnail size-thumbnail\" alt=\"\" srcset=\"https:\/\/www.microsys.inf.br\/s\/wp-content\/uploads\/2023\/11\/depo2-150x150.png 150w, https:\/\/www.microsys.inf.br\/s\/wp-content\/uploads\/2023\/11\/depo2-300x300.png 300w, https:\/\/www.microsys.inf.br\/s\/wp-content\/uploads\/2023\/11\/depo2-1024x1024.png 1024w, https:\/\/www.microsys.inf.br\/s\/wp-content\/uploads\/2023\/11\/depo2-768x768.png 768w, https:\/\/www.microsys.inf.br\/s\/wp-content\/uploads\/2023\/11\/depo2-720x720.png 720w, https:\/\/www.microsys.inf.br\/s\/wp-content\/uploads\/2023\/11\/depo2.png 1080w\" sizes=\"(max-width: 150px) 100vw, 150px\" \/>\t\t\t\t        \t<div class=\"tinfo\">\r\n\t\t\t\t        \t\t<h6>Eduardo Miguel Simon<\/h6>\r\n\t\t\t\t        \t\t<span>Presidente Executivo Reafrio<\/span>\t\t\t\t        \t\t\t\t\t\t        \t<\/div>\r\n\t\t\t        \t<\/div>\r\n\t\t        \t<\/div>\r\n\t\t\t\t<\/div>\r\n\t\t\t\t\t\t\t<div>\r\n\t\t\t\t\t<div class=\"ot-testimonial-s1__item\">\r\n\t\t\t\t        <div class=\"tcontent\">\r\n\t\t\t\t        \t<div class=\"ticon\"><i class=\"flaticon-edit-tools-1\"><\/i><\/div>\t\t\t\t        \t\t\t\t\t        \t<div class=\"tdesc\">\"A parceria entre BIASI e MICROSYS est\u00e1 consolidada h\u00e1 mais de 10 anos. Podemos assegurar que ela foi essencial para o nosso crescimento organizado. Atrav\u00e9s de um Sistema personalizado, atende todas as nossas necessidades e traz solu\u00e7\u00f5es otimizadas de controles operacionais. Al\u00e9m disso, possui assist\u00eancia t\u00e9cnica de qualidade. A MICROSYS \u00e9 uma empresa comprometida e \u00e1gil e essa parceria proporciona crescimento m\u00fatuo cont\u00ednuo.\"<\/div>\r\n\t\t\t\t        <\/div>\r\n\t\t\t\t        <div class=\"tmeta flex-middle\">\r\n\t\t\t\t\t\t\t<img loading=\"lazy\" decoding=\"async\" width=\"150\" height=\"150\" src=\"https:\/\/www.microsys.inf.br\/s\/wp-content\/uploads\/2023\/11\/depo4-150x150.png\" class=\"attachment-thumbnail size-thumbnail\" alt=\"\" srcset=\"https:\/\/www.microsys.inf.br\/s\/wp-content\/uploads\/2023\/11\/depo4-150x150.png 150w, https:\/\/www.microsys.inf.br\/s\/wp-content\/uploads\/2023\/11\/depo4-300x300.png 300w, https:\/\/www.microsys.inf.br\/s\/wp-content\/uploads\/2023\/11\/depo4-1024x1024.png 1024w, https:\/\/www.microsys.inf.br\/s\/wp-content\/uploads\/2023\/11\/depo4-768x768.png 768w, https:\/\/www.microsys.inf.br\/s\/wp-content\/uploads\/2023\/11\/depo4-720x720.png 720w, https:\/\/www.microsys.inf.br\/s\/wp-content\/uploads\/2023\/11\/depo4.png 1080w\" sizes=\"(max-width: 150px) 100vw, 150px\" \/>\t\t\t\t        \t<div class=\"tinfo\">\r\n\t\t\t\t        \t\t<h6>Andr\u00e9 Luis Tonini<\/h6>\r\n\t\t\t\t        \t\t<span>Controller Grupo BIASI<\/span>\t\t\t\t        \t\t\t\t\t\t        \t<\/div>\r\n\t\t\t        \t<\/div>\r\n\t\t        \t<\/div>\r\n\t\t\t\t<\/div>\r\n\t\t\t\t\t\t\r\n\t    <\/div>\r\n\r\n\t    \t\t<\/div>\n\t\t\t\t<\/div>\n\t\t\t\t\t<\/div>\n\t\t<\/div>\n\t\t\t\t\t<\/div>\n\t\t<\/section>\n\t\t\t\t<\/div>\n\t\t","protected":false},"excerpt":{"rendered":"<p>\/\/ Conjuntos de softwares MICROSYS\u00ae BI O MICROSYS\u00ae BI (Bussiness Intelligence) consiste em um conjunto de t\u00e9cnicas, teorias, processos e ferramentas (softwares) que aplicadas, permitem transformar dados em informa\u00e7\u00f5es claras e precisas atrav\u00e9s de Dashboards. Nossa solu\u00e7\u00e3o de BI proporciona mobilidade, comunica\u00e7\u00e3o corporativa e acompanhamento dos processos, identificando for\u00e7as e fraquezas para antecipar a\u00e7\u00f5es e [&hellip;]<\/p>\n","protected":false},"author":1,"featured_media":0,"parent":0,"menu_order":0,"comment_status":"closed","ping_status":"closed","template":"","meta":{"_joinchat":[],"footnotes":""},"class_list":["post-6422","page","type-page","status-publish","hentry"],"_links":{"self":[{"href":"https:\/\/www.microsys.inf.br\/s\/wp-json\/wp\/v2\/pages\/6422","targetHints":{"allow":["GET"]}}],"collection":[{"href":"https:\/\/www.microsys.inf.br\/s\/wp-json\/wp\/v2\/pages"}],"about":[{"href":"https:\/\/www.microsys.inf.br\/s\/wp-json\/wp\/v2\/types\/page"}],"author":[{"embeddable":true,"href":"https:\/\/www.microsys.inf.br\/s\/wp-json\/wp\/v2\/users\/1"}],"replies":[{"embeddable":true,"href":"https:\/\/www.microsys.inf.br\/s\/wp-json\/wp\/v2\/comments?post=6422"}],"version-history":[{"count":9,"href":"https:\/\/www.microsys.inf.br\/s\/wp-json\/wp\/v2\/pages\/6422\/revisions"}],"predecessor-version":[{"id":7562,"href":"https:\/\/www.microsys.inf.br\/s\/wp-json\/wp\/v2\/pages\/6422\/revisions\/7562"}],"wp:attachment":[{"href":"https:\/\/www.microsys.inf.br\/s\/wp-json\/wp\/v2\/media?parent=6422"}],"curies":[{"name":"wp","href":"https:\/\/api.w.org\/{rel}","templated":true}]}}